{"id":28,"date":"2025-01-31T07:59:31","date_gmt":"2025-01-31T13:59:31","guid":{"rendered":"https:\/\/app.artereciclada.com.br\/?page_id=28"},"modified":"2025-04-17T13:15:28","modified_gmt":"2025-04-17T16:15:28","slug":"contato","status":"publish","type":"page","link":"https:\/\/app.artereciclada.com.br\/de\/contato\/","title":{"rendered":"Contato"},"content":{"rendered":"<p>Estamos sempre prontos para ouvir voc\u00ea! Se tiver d\u00favidas, sugest\u00f5es ou quiser saber mais sobre nossas dicas e utilidades, entre em contato conosco. Nossa equipe est\u00e1 \u00e0 disposi\u00e7\u00e3o para ajudar e tornar sua experi\u00eancia ainda mais enriquecedora.<\/p>\n\n\n\n<p><strong>E-mail:<\/strong> <a class=\"\" href=\"mailto:contato@artereciclada.com.br\">contato@artereciclada.com.br<\/a><\/p>\n\n\n\n<p><strong>Site:<\/strong> <a class=\"\" href=\"https:\/\/app.artereciclada.com.br\/de\/\">https:\/\/app.artereciclada.com.br\/<\/a><\/p>\n\n\n\n<p>Aguardamos seu contato e estamos ansiosos para contribuir com solu\u00e7\u00f5es pr\u00e1ticas e inovadoras para transformar o seu dia a dia.<\/p>","protected":false},"excerpt":{"rendered":"<p>Estamos sempre prontos para ouvir voc\u00ea! Se tiver d\u00favidas, sugest\u00f5es ou quiser saber mais sobre nossas dicas e utilidades, entre em contato conosco. Nossa equipe est\u00e1 \u00e0 disposi\u00e7\u00e3o para ajudar e tornar sua experi\u00eancia ainda mais enriquecedora. E-mail: contato@artereciclada.com.br Site: https:\/\/app.artereciclada.com.br\/ Aguardamos seu contato e estamos ansiosos para contribuir com solu\u00e7\u00f5es pr\u00e1ticas e inovadoras para [&hellip;]<\/p>","protected":false},"author":2,"featured_media":17,"parent":0,"menu_order":0,"comment_status":"closed","ping_status":"closed","template":"","meta":{"footnotes":""},"class_list":["post-28","page","type-page","status-publish","has-post-thumbnail","hentry"],"blocksy_meta":[],"_links":{"self":[{"href":"https:\/\/app.artereciclada.com.br\/de\/wp-json\/wp\/v2\/pages\/28","targetHints":{"allow":["GET"]}}],"collection":[{"href":"https:\/\/app.artereciclada.com.br\/de\/wp-json\/wp\/v2\/pages"}],"about":[{"href":"https:\/\/app.artereciclada.com.br\/de\/wp-json\/wp\/v2\/types\/page"}],"author":[{"embeddable":true,"href":"https:\/\/app.artereciclada.com.br\/de\/wp-json\/wp\/v2\/users\/2"}],"replies":[{"embeddable":true,"href":"https:\/\/app.artereciclada.com.br\/de\/wp-json\/wp\/v2\/comments?post=28"}],"version-history":[{"count":3,"href":"https:\/\/app.artereciclada.com.br\/de\/wp-json\/wp\/v2\/pages\/28\/revisions"}],"predecessor-version":[{"id":179,"href":"https:\/\/app.artereciclada.com.br\/de\/wp-json\/wp\/v2\/pages\/28\/revisions\/179"}],"wp:featuredmedia":[{"embeddable":true,"href":"https:\/\/app.artereciclada.com.br\/de\/wp-json\/wp\/v2\/media\/17"}],"wp:attachment":[{"href":"https:\/\/app.artereciclada.com.br\/de\/wp-json\/wp\/v2\/media?parent=28"}],"curies":[{"name":"wp","href":"https:\/\/api.w.org\/{rel}","templated":true}]}}